{"id":2,"date":"2016-02-12T07:18:06","date_gmt":"2016-02-12T07:18:06","guid":{"rendered":"http:\/\/www.pdplis.hr\/?page_id=2"},"modified":"2016-02-20T19:08:31","modified_gmt":"2016-02-20T19:08:31","slug":"o-nama","status":"publish","type":"page","link":"https:\/\/pdplis.hr\/index.php\/o-nama\/","title":{"rendered":"O NAMA"},"content":{"rendered":"<p class=\"western\" lang=\"en-GB\"><span style=\"font-family: Arial,sans-serif;\">Dru\u0161tvo je na osnovano na inicijativu grupe gra\u0111ana 24.05.1994. Izme\u0111u ostalog djelovanje dru\u0161tva vezano je uz ekologiju, planinarenje, alpinizam i dru\u017eenja. Najva\u017enije akcije koje dru\u0161tvo provodi vezane su uz ozna\u010davanje planinarskih puteva (\u0161etnica) na podru\u010dju Op\u0107ine Klana.<\/span><\/p>\n","protected":false},"excerpt":{"rendered":"<p>Dru\u0161tvo je na osnovano na inicijativu grupe gra\u0111ana 24.05.1994. Izme\u0111u ostalog djelovanje dru\u0161tva vezano je uz ekologiju, planinarenje, alpinizam i dru\u017eenja. Najva\u017enije akcije koje dru\u0161tvo provodi vezane su uz ozna\u010davanje planinarskih puteva (\u0161etnica) na podru\u010dju Op\u0107ine Klana.<\/p>\n","protected":false},"author":1,"featured_media":0,"parent":0,"menu_order":1,"comment_status":"closed","ping_status":"closed","template":"","meta":{"footnotes":""},"class_list":["post-2","page","type-page","status-publish","hentry"],"_links":{"self":[{"href":"https:\/\/pdplis.hr\/index.php\/wp-json\/wp\/v2\/pages\/2","targetHints":{"allow":["GET"]}}],"collection":[{"href":"https:\/\/pdplis.hr\/index.php\/wp-json\/wp\/v2\/pages"}],"about":[{"href":"https:\/\/pdplis.hr\/index.php\/wp-json\/wp\/v2\/types\/page"}],"author":[{"embeddable":true,"href":"https:\/\/pdplis.hr\/index.php\/wp-json\/wp\/v2\/users\/1"}],"replies":[{"embeddable":true,"href":"https:\/\/pdplis.hr\/index.php\/wp-json\/wp\/v2\/comments?post=2"}],"version-history":[{"count":3,"href":"https:\/\/pdplis.hr\/index.php\/wp-json\/wp\/v2\/pages\/2\/revisions"}],"predecessor-version":[{"id":14,"href":"https:\/\/pdplis.hr\/index.php\/wp-json\/wp\/v2\/pages\/2\/revisions\/14"}],"wp:attachment":[{"href":"https:\/\/pdplis.hr\/index.php\/wp-json\/wp\/v2\/media?parent=2"}],"curies":[{"name":"wp","href":"https:\/\/api.w.org\/{rel}","templated":true}]}}