{"id":20,"date":"2016-02-20T18:42:51","date_gmt":"2016-02-20T18:42:51","guid":{"rendered":"http:\/\/www.pdplis.hr\/?page_id=20"},"modified":"2025-11-25T10:56:38","modified_gmt":"2025-11-25T09:56:38","slug":"kontakt","status":"publish","type":"page","link":"https:\/\/pdplis.hr\/index.php\/o-nama\/kontakt\/","title":{"rendered":"KONTAKT"},"content":{"rendered":"<p><strong>Planinarsko dru\u0161tvo &#8220;Pli\u0161&#8221;<\/strong><br \/>\nKlana 33, 51217 Klana<br \/>\npd.plis@hps.hr<\/p>\n<p><strong>Nikola Kajtazi<\/strong>, predsjednik dru\u0161tva 091 889 3322<br \/>\n<strong>Davor Mrv\u010di\u0107<\/strong>, dopredsjednik 091 958 7284<br \/>\n<strong>Gordan Grgurina<\/strong>, tajnik 098 460 471<\/p>\n","protected":false},"excerpt":{"rendered":"<p>Planinarsko dru\u0161tvo &#8220;Pli\u0161&#8221; Klana 33, 51217 Klana pd.plis@hps.hr Nikola Kajtazi, predsjednik dru\u0161tva 091 889 3322 Davor Mrv\u010di\u0107, dopredsjednik 091 958 7284 Gordan Grgurina, tajnik 098 460 471<\/p>\n","protected":false},"author":1,"featured_media":0,"parent":2,"menu_order":0,"comment_status":"closed","ping_status":"closed","template":"","meta":{"footnotes":""},"class_list":["post-20","page","type-page","status-publish","hentry"],"_links":{"self":[{"href":"https:\/\/pdplis.hr\/index.php\/wp-json\/wp\/v2\/pages\/20","targetHints":{"allow":["GET"]}}],"collection":[{"href":"https:\/\/pdplis.hr\/index.php\/wp-json\/wp\/v2\/pages"}],"about":[{"href":"https:\/\/pdplis.hr\/index.php\/wp-json\/wp\/v2\/types\/page"}],"author":[{"embeddable":true,"href":"https:\/\/pdplis.hr\/index.php\/wp-json\/wp\/v2\/users\/1"}],"replies":[{"embeddable":true,"href":"https:\/\/pdplis.hr\/index.php\/wp-json\/wp\/v2\/comments?post=20"}],"version-history":[{"count":4,"href":"https:\/\/pdplis.hr\/index.php\/wp-json\/wp\/v2\/pages\/20\/revisions"}],"predecessor-version":[{"id":101,"href":"https:\/\/pdplis.hr\/index.php\/wp-json\/wp\/v2\/pages\/20\/revisions\/101"}],"up":[{"embeddable":true,"href":"https:\/\/pdplis.hr\/index.php\/wp-json\/wp\/v2\/pages\/2"}],"wp:attachment":[{"href":"https:\/\/pdplis.hr\/index.php\/wp-json\/wp\/v2\/media?parent=20"}],"curies":[{"name":"wp","href":"https:\/\/api.w.org\/{rel}","templated":true}]}}