{"id":44,"date":"2016-02-20T18:50:53","date_gmt":"2016-02-20T18:50:53","guid":{"rendered":"http:\/\/www.pdplis.hr\/?page_id=44"},"modified":"2016-02-20T18:59:34","modified_gmt":"2016-02-20T18:59:34","slug":"gradina","status":"publish","type":"page","link":"https:\/\/pdplis.hr\/index.php\/kpp\/gradina\/","title":{"rendered":"GRADINA"},"content":{"rendered":"<p class=\"western\" align=\"justify\"><span style=\"font-family: Arial,sans-serif;\">Arheolo\u0161ki lokalitet Gradina smje\u0161ten je na vrhu kr\u0161evite uzvisine neposredno iznad sredi\u0161ta naselja. Strate\u0161ko-nadzorni polo\u017eaj prvi je puta iskori\u0161ten tijekom kasne antike, u 4. stolje\u0107u, u vremenu izgradnje sustava nadzornih postaja, utvrda i bedema poznatih pod imenom Liburnijski limes. Osmatra\u010dki toranj obnavlja se uspostavom feudalne vlasti grofova Devinskih (nazvanih po ka\u0161telu Duino kod Trsta) nad komunikacijskim podru\u010djem izme\u0111u gradova Rijeke i Trsta tijekom 13. stolje\u0107a. Sljede\u0107i upravitelji, obitelj Walsee, krajem 14. i po\u010detkom 15. stolje\u0107a pro\u0161iruju utvrdu, a u neposrednoj blizini grade kapelu Sv. Trojstva, s koje potje\u010de ulomak glagoljicom pisanog natpisa, danas uzidanog u pro\u010delje \u017eupne crkve. Nestankom obitelji Walsee klanjsku gospo\u0161tiju preuzimaju Habsburzi, koji je u idu\u0107im stolje\u0107ima daju u zakup i upravljanje kapetanima. Krajem 15. i tijekom 16. stolje\u0107a klanjski grad se pro\u0161iruje i dogra\u0111uje zbog stalne opasnosti od provala Turaka. Klana postaje utvr\u0111enim taborom, u koji se za nemirnih vremena sklanja stanovni\u0161tvo iz trgovi\u0161ta u podgra\u0111u. Posljednji put utvrda je obnovljena oja\u010davanjem bedema i izgradnjom novih ugaonih kula po\u010detkom 17. stolje\u0107a, za austrijsko-mleta\u010dkog rata. Utvrda nakon sklapanja Madridskog mira gubi na zna\u010daju i postupno se napu\u0161ta, da bi u 19. stolje\u0107u gotovo posve nestala u katastrofalnom potresu, nakon kojeg je sav kvalitetan kamen s ka\u0161tela odvu\u010den zbog obnove naselja u podno\u017eju. Temeljem inicijative i organizacije Dru\u0161tva za povjesnicu Klana te podr\u0161ke Op\u0107ine Klana su ostaci utvrde posljednjih godina arheolo\u0161ki istra\u017eeni, potom konzervirani i prezentirani, a odabrani arheolo\u0161ki nalazi izlo\u017eeni u predvorju op\u0107inske zgrade u Klani.<\/span><\/p>\n","protected":false},"excerpt":{"rendered":"<p>Arheolo\u0161ki lokalitet Gradina smje\u0161ten je na vrhu kr\u0161evite uzvisine neposredno iznad sredi\u0161ta naselja. Strate\u0161ko-nadzorni polo\u017eaj prvi je puta iskori\u0161ten tijekom kasne antike, u 4. stolje\u0107u, u vremenu izgradnje sustava nadzornih postaja, utvrda i bedema poznatih pod imenom Liburnijski limes. Osmatra\u010dki toranj obnavlja se uspostavom feudalne vlasti grofova Devinskih (nazvanih po ka\u0161telu Duino kod Trsta) nad&hellip;<\/p>\n<p class=\"more-link-wrapper\"><a class=\"more-link\" href=\"https:\/\/pdplis.hr\/index.php\/kpp\/gradina\/\">Continue<\/a><\/p>\n","protected":false},"author":1,"featured_media":0,"parent":12,"menu_order":0,"comment_status":"closed","ping_status":"closed","template":"","meta":{"footnotes":""},"class_list":["post-44","page","type-page","status-publish","hentry"],"_links":{"self":[{"href":"https:\/\/pdplis.hr\/index.php\/wp-json\/wp\/v2\/pages\/44","targetHints":{"allow":["GET"]}}],"collection":[{"href":"https:\/\/pdplis.hr\/index.php\/wp-json\/wp\/v2\/pages"}],"about":[{"href":"https:\/\/pdplis.hr\/index.php\/wp-json\/wp\/v2\/types\/page"}],"author":[{"embeddable":true,"href":"https:\/\/pdplis.hr\/index.php\/wp-json\/wp\/v2\/users\/1"}],"replies":[{"embeddable":true,"href":"https:\/\/pdplis.hr\/index.php\/wp-json\/wp\/v2\/comments?post=44"}],"version-history":[{"count":1,"href":"https:\/\/pdplis.hr\/index.php\/wp-json\/wp\/v2\/pages\/44\/revisions"}],"predecessor-version":[{"id":45,"href":"https:\/\/pdplis.hr\/index.php\/wp-json\/wp\/v2\/pages\/44\/revisions\/45"}],"up":[{"embeddable":true,"href":"https:\/\/pdplis.hr\/index.php\/wp-json\/wp\/v2\/pages\/12"}],"wp:attachment":[{"href":"https:\/\/pdplis.hr\/index.php\/wp-json\/wp\/v2\/media?parent=44"}],"curies":[{"name":"wp","href":"https:\/\/api.w.org\/{rel}","templated":true}]}}