{"id":46,"date":"2016-02-20T18:52:01","date_gmt":"2016-02-20T18:52:01","guid":{"rendered":"http:\/\/www.pdplis.hr\/?page_id=46"},"modified":"2016-02-20T19:06:13","modified_gmt":"2016-02-20T19:06:13","slug":"rimski-zid","status":"publish","type":"page","link":"https:\/\/pdplis.hr\/index.php\/kpp\/rimski-zid\/","title":{"rendered":"RIMSKI ZID"},"content":{"rendered":"<p class=\"western\" align=\"justify\"><span style=\"font-family: Arial,sans-serif;\">Sustav bedema, nadzornih tornjeva i utvrda, danas popularno zvani Liburnijski limes, smje\u0161ten je u brdsko-planinskom zale\u0111u grada Rijeke. Rije\u010d je o nizu bedemskih zatvara\u010da i tornjeva, izgra\u0111enih tijekom 3. i 4. stolje\u0107a nakon Krista, nad udolinama i prijevojima kojima je neprijatelj s barbarskog istoka mogao prodrijeti do isto\u010dnih granica Italije. U vrijeme dovr\u0161enja u drugoj polovici 4. stolje\u0107a, obrambeni sustav pru\u017eao se je od Kvarnera do Ljubljanske kotline. Na podru\u010dju Hrvatske dionice limesa (u rimsko doba sustav je nazivan &#8220;Clausura Alpium Iuliarium&#8221;) i danas se mogu vidjeti ostaci u gradu Rijeci, gdje je u srcu Starog grada postojao zapovjedni logor, zatim uz sjeverni rub Grobni\u010dkog polja, u zale\u0111u izvora Rje\u010dine odnosno naselja Studena, dalje u \u0161umama uz granicu sa Slovenijom te na dva mjesta povrh naselja Prezid u op\u0107ini \u010cabar. Na podru\u010dju op\u0107ine Klana, odnosno u zale\u0111u Studene, za sada su u organizaciji Dru\u0161tva za povjesnicu Klana arheolo\u0161ki istra\u017eeni i konzervirani ostaci limesa na lokalitetima Za presikom i Vranjeno. <\/span><\/p>\n<p class=\"western\" align=\"justify\"><span style=\"font-family: Arial,sans-serif;\">Na dionici Rimskog zida u neposrednoj blizini lova\u010dke ku\u0107e Vranjeno (nekada\u0161nje grani\u010dne karaule iz razdoblja tzv. Rapalske grani\u010dne crte izme\u0111u kraljevine Italije i kraljevine Jugoslavije) nalaze se tragovi suhozidnog kru\u017enog signalizacijskog tornja, podignutog tijekom 16. stolje\u0107a za \u010destih provala turskih \u010deta.<\/span><\/p>\n<p class=\"western\" align=\"justify\"><span style=\"font-family: Arial,sans-serif;\">U podno\u017eju bre\u017euljka Vranjeno, prezentirani su ostaci bedemskog zatvara\u010da znakovitog naziva Za presikom. Rimski zid \u0161titio je prirodni komunikacijski pravac izme\u0111u zale\u0111a Klane i Grobni\u010dkog polja. On se dalje preko potoka u pravcu sjeveroistoka pru\u017ea na susjedni bre\u017euljak s tragovima nadzorne kule, odakle se njegov pravac mo\u017ee pratiti i dijelom konzerviranim temeljem, odnosno dionicom koju su obnovili talijanski konzervatori izme\u0111u dva svjetska rata.<\/span><\/p>\n","protected":false},"excerpt":{"rendered":"<p>Sustav bedema, nadzornih tornjeva i utvrda, danas popularno zvani Liburnijski limes, smje\u0161ten je u brdsko-planinskom zale\u0111u grada Rijeke. Rije\u010d je o nizu bedemskih zatvara\u010da i tornjeva, izgra\u0111enih tijekom 3. i 4. stolje\u0107a nakon Krista, nad udolinama i prijevojima kojima je neprijatelj s barbarskog istoka mogao prodrijeti do isto\u010dnih granica Italije. U vrijeme dovr\u0161enja u drugoj&hellip;<\/p>\n<p class=\"more-link-wrapper\"><a class=\"more-link\" href=\"https:\/\/pdplis.hr\/index.php\/kpp\/rimski-zid\/\">Continue<\/a><\/p>\n","protected":false},"author":1,"featured_media":0,"parent":12,"menu_order":0,"comment_status":"closed","ping_status":"closed","template":"","meta":{"footnotes":""},"class_list":["post-46","page","type-page","status-publish","hentry"],"_links":{"self":[{"href":"https:\/\/pdplis.hr\/index.php\/wp-json\/wp\/v2\/pages\/46","targetHints":{"allow":["GET"]}}],"collection":[{"href":"https:\/\/pdplis.hr\/index.php\/wp-json\/wp\/v2\/pages"}],"about":[{"href":"https:\/\/pdplis.hr\/index.php\/wp-json\/wp\/v2\/types\/page"}],"author":[{"embeddable":true,"href":"https:\/\/pdplis.hr\/index.php\/wp-json\/wp\/v2\/users\/1"}],"replies":[{"embeddable":true,"href":"https:\/\/pdplis.hr\/index.php\/wp-json\/wp\/v2\/comments?post=46"}],"version-history":[{"count":1,"href":"https:\/\/pdplis.hr\/index.php\/wp-json\/wp\/v2\/pages\/46\/revisions"}],"predecessor-version":[{"id":47,"href":"https:\/\/pdplis.hr\/index.php\/wp-json\/wp\/v2\/pages\/46\/revisions\/47"}],"up":[{"embeddable":true,"href":"https:\/\/pdplis.hr\/index.php\/wp-json\/wp\/v2\/pages\/12"}],"wp:attachment":[{"href":"https:\/\/pdplis.hr\/index.php\/wp-json\/wp\/v2\/media?parent=46"}],"curies":[{"name":"wp","href":"https:\/\/api.w.org\/{rel}","templated":true}]}}